{"id":4720,"date":"2023-06-01T03:37:36","date_gmt":"2023-06-01T01:37:36","guid":{"rendered":"http:\/\/wptemplate-blog-multi-fr.local\/?page_id=4720"},"modified":"2026-02-18T10:36:35","modified_gmt":"2026-02-18T09:36:35","slug":"privacy-policy","status":"publish","type":"page","link":"https:\/\/simuladorrecibosverdes.pt\/artigos\/privacy-policy\/","title":{"rendered":"Pol\u00edtica de Privacidade"},"content":{"rendered":"\n<h2 class=\"wp-block-heading\"><span class=\"ez-toc-section\" id=\"1-Definicao-e-natureza-dos-dados-pessoais\"><\/span>1.&nbsp;&nbsp;&nbsp; Defini\u00e7\u00e3o e natureza dos dados pessoais<span class=\"ez-toc-section-end\"><\/span><\/h2>\n\n\n\n<p class=\"wp-block-paragraph\">Durante a utiliza\u00e7\u00e3o do nosso site, poderemos solicitar-lhe que nos forne\u00e7a dados pessoais a seu respeito.<\/p>\n\n\n\n<p class=\"wp-block-paragraph\">O termo &#8220;dados pessoais&#8221; designa todos os dados que permitem identificar um indiv\u00edduo, correspondendo nomeadamente ao seu nome, apelidos, pseud\u00f3nimo, fotografia, endere\u00e7os postal e de correio eletr\u00f3nico, n\u00fameros de telefone, data de nascimento, dados relativos \u00e0s suas transa\u00e7\u00f5es no site, detalhes das suas compras e subscri\u00e7\u00f5es, n\u00fameros de cart\u00e3o banc\u00e1rio, bem como qualquer outra informa\u00e7\u00e3o que decida comunicar-nos a seu respeito.<\/p>\n\n\n\n<h2 class=\"wp-block-heading\"><span class=\"ez-toc-section\" id=\"2-Objetivo-da-presente-politica\"><\/span>2.&nbsp;&nbsp;&nbsp; Objetivo da presente pol\u00edtica<span class=\"ez-toc-section-end\"><\/span><\/h2>\n\n\n\n<p class=\"wp-block-paragraph\">A presente pol\u00edtica tem como objetivo inform\u00e1-lo sobre os meios que utilizamos para recolher os seus dados pessoais, no mais estrito respeito pelos seus direitos.<\/p>\n\n\n\n<p class=\"wp-block-paragraph\">Informamos que, na recolha e gest\u00e3o dos seus dados pessoais, cumprimos o Regulamento Geral sobre a Prote\u00e7\u00e3o de Dados (RGPD) e a Lei n.\u00ba 58\/2019, de 8 de agosto, relativa \u00e0 prote\u00e7\u00e3o de dados pessoais em Portugal.<\/p>\n\n\n\n<h2 class=\"wp-block-heading\"><span class=\"ez-toc-section\" id=\"3-Identidade-do-responsavel-pela-recolha-de-dados\"><\/span>3.&nbsp;&nbsp;&nbsp; Identidade do respons\u00e1vel pela recolha de dados<span class=\"ez-toc-section-end\"><\/span><\/h2>\n\n\n\n<p class=\"wp-block-paragraph\">O respons\u00e1vel pela recolha dos seus dados pessoais \u00e9 <strong>Soloom<\/strong>.<\/p>\n\n\n\n<h2 class=\"wp-block-heading\"><span class=\"ez-toc-section\" id=\"4-Recolha-de-dados-pessoais\"><\/span>4.&nbsp;&nbsp;&nbsp; Recolha de dados pessoais<span class=\"ez-toc-section-end\"><\/span><\/h2>\n\n\n\n<p class=\"wp-block-paragraph\">Os seus dados pessoais s\u00e3o recolhidos para responder a uma ou v\u00e1rias das seguintes finalidades:<\/p>\n\n\n\n<ul class=\"wp-block-list\">\n<li>Gerir o seu acesso a determinados servi\u00e7os acess\u00edveis no site e a sua utiliza\u00e7\u00e3o;<\/li>\n\n\n\n<li>Efetuar opera\u00e7\u00f5es relativas \u00e0 gest\u00e3o de clientes concernant contratos, encomendas, entregas, faturas, programas de fidelidade e acompanhamento da rela\u00e7\u00e3o com os clientes;<\/li>\n\n\n\n<li>Constituir um ficheiro de membros inscritos, utilizadores, clientes e potenciais clientes;<\/li>\n\n\n\n<li>Enviar newsletters, solicita\u00e7\u00f5es e mensagens promocionais. Caso n\u00e3o o deseje, damos-lhe a possibilidade de expressar a sua recusa no momento da recolha dos seus dados;<\/li>\n\n\n\n<li>Elaborar estat\u00edsticas comerciais e de frequ\u00eancia dos nossos servi\u00e7os;<\/li>\n\n\n\n<li>Organizar passatempos, sorteios e quaisquer opera\u00e7\u00f5es promocionais (excluindo jogos de fortuna ou azar online sujeitos \u00e0 aprova\u00e7\u00e3o do SRIJ);<\/li>\n\n\n\n<li>Gerir a gest\u00e3o das opini\u00f5es das pessoas sobre produtos, servi\u00e7os ou conte\u00fados;<\/li>\n\n\n\n<li>Gerir pagamentos em atraso e eventuais contenciosos quanto \u00e0 utiliza\u00e7\u00e3o dos nossos produtos e servi\u00e7os;<\/li>\n\n\n\n<li>Respeitar as nossas obriga\u00e7\u00f5es legais e regulamentares.<\/li>\n<\/ul>\n\n\n\n<p class=\"wp-block-paragraph\">Informamo-lo, no momento da recolha dos seus dados pessoais, se determinados dados s\u00e3o de preenchimento obrigat\u00f3rio ou facultativo. Indicamos igualmente quais as eventuais consequ\u00eancias da falta de resposta.<\/p>\n\n\n\n<h2 class=\"wp-block-heading\"><span class=\"ez-toc-section\" id=\"5-Destinatarios-dos-dados-recolhidos\"><\/span>5.&nbsp;&nbsp;&nbsp; Destinat\u00e1rios dos dados recolhidos<span class=\"ez-toc-section-end\"><\/span><\/h2>\n\n\n\n<p class=\"wp-block-paragraph\">Os colaboradores da nossa empresa, os servi\u00e7os encarregados do controlo (auditores, nomeadamente) e os nossos subcontratantes ter\u00e3o acesso aos seus dados pessoais.<\/p>\n\n\n\n<p class=\"wp-block-paragraph\">Podem igualmente ser destinat\u00e1rios dos seus dados pessoais os organismos p\u00fablicos, exclusivamente para responder \u00e0s nossas obriga\u00e7\u00f5es legais, auxiliares de justi\u00e7a, oficiais p\u00fablicos e organismos encarregados de efetuar a cobran\u00e7a de d\u00edvidas.<\/p>\n\n\n\n<h2 class=\"wp-block-heading\"><span class=\"ez-toc-section\" id=\"6-Cedencia-de-dados-pessoais\"><\/span>6.&nbsp;&nbsp;&nbsp; Ced\u00eancia de dados pessoais<span class=\"ez-toc-section-end\"><\/span><\/h2>\n\n\n\n<p class=\"wp-block-paragraph\">Os seus dados pessoais poder\u00e3o ser objeto de ced\u00eancia, aluguer ou troca em benef\u00edcio de terceiros. Caso o deseje, damos-lhe a possibilidade de assinalar uma caixa expressando o seu acordo sobre este assunto no momento da recolha dos seus dados.<\/p>\n\n\n\n<h2 class=\"wp-block-heading\"><span class=\"ez-toc-section\" id=\"7-Prazo-de-conservacao-dos-dados-pessoais\"><\/span>7.&nbsp;&nbsp;&nbsp; Prazo de conserva\u00e7\u00e3o dos dados pessoais<span class=\"ez-toc-section-end\"><\/span><\/h2>\n\n\n\n<ul class=\"wp-block-list\">\n<li>Relativamente aos dados de gest\u00e3o de clientes e potenciais clientes:<\/li>\n<\/ul>\n\n\n\n<p class=\"wp-block-paragraph\">Os seus dados pessoais n\u00e3o ser\u00e3o conservados para al\u00e9m do tempo estritamente necess\u00e1rio \u00e0 gest\u00e3o da nossa rela\u00e7\u00e3o comercial consigo. No entanto, os dados que permitam estabelecer a prova de um direito ou de um contrato, devendo ser conservados para cumprimento de uma obriga\u00e7\u00e3o legal, s\u00ea-lo-\u00e3o durante o prazo previsto pela lei em vigor.<\/p>\n\n\n\n<p class=\"wp-block-paragraph\">Relativamente a eventuais opera\u00e7\u00f5es de prospe\u00e7\u00e3o destinadas a clientes, os seus dados poder\u00e3o ser conservados durante um prazo de tr\u00eas anos a contar do fim da rela\u00e7\u00e3o comercial.<\/p>\n\n\n\n<p class=\"wp-block-paragraph\">Os dados pessoais relativos a um potencial cliente (prospect), n\u00e3o cliente, poder\u00e3o ser conservados durante um prazo de tr\u00eas anos a contar da sua recolha ou do \u00faltimo contacto emanado pelo potencial cliente.<\/p>\n\n\n\n<p class=\"wp-block-paragraph\">No termo deste prazo de tr\u00eas anos, poderemos retomar o contacto consigo para saber se deseja continuar a receber solicita\u00e7\u00f5es comerciais.<\/p>\n\n\n\n<ul class=\"wp-block-list\">\n<li>Relativamente aos documentos de identifica\u00e7\u00e3o:<\/li>\n<\/ul>\n\n\n\n<p class=\"wp-block-paragraph\">Em caso de exerc\u00edcio do direito de acesso ou de retifica\u00e7\u00e3o, os dados relativos aos documentos de identifica\u00e7\u00e3o poder\u00e3o ser conservados durante o prazo legal previsto. Em caso de exerc\u00edcio do direito de oposi\u00e7\u00e3o, estes dados podem ser arquivados durante o prazo de prescri\u00e7\u00e3o legal aplic\u00e1vel.<\/p>\n\n\n\n<ul class=\"wp-block-list\">\n<li>Relativamente aos dados de cart\u00f5es banc\u00e1rios:<\/li>\n<\/ul>\n\n\n\n<p class=\"wp-block-paragraph\">As transa\u00e7\u00f5es financeiras relativas ao pagamento de compras e taxas atrav\u00e9s do site s\u00e3o confiadas a um prestador de servi\u00e7os de pagamento que assegura o bom desenrolar e a seguran\u00e7a das mesmas.<\/p>\n\n\n\n<p class=\"wp-block-paragraph\">Para efeitos dos servi\u00e7os, este prestador de servi\u00e7os de pagamento pode ser destinat\u00e1rio dos seus dados pessoais relativos aos seus n\u00fameros de cart\u00f5es banc\u00e1rios, que recolhe e conserva em nosso nome e por nossa conta.<\/p>\n\n\n\n<p class=\"wp-block-paragraph\">N\u00f3s n\u00e3o temos acesso a esses dados.<\/p>\n\n\n\n<p class=\"wp-block-paragraph\">Para lhe permitir realizar regularmente compras ou pagar taxas no site, os seus dados relativos aos cart\u00f5es banc\u00e1rios s\u00e3o conservados durante o tempo da sua inscri\u00e7\u00e3o no site e, no m\u00ednimo, at\u00e9 ao momento em que realiza a sua \u00faltima transa\u00e7\u00e3o.<\/p>\n\n\n\n<p class=\"wp-block-paragraph\">Ao assinalar no site a caixa expressamente prevista para o efeito, d\u00e1-nos o seu consentimento expresso para esta conserva\u00e7\u00e3o.<\/p>\n\n\n\n<p class=\"wp-block-paragraph\">Os dados relativos ao c\u00f3digo visual (CVV2) inscrito no seu cart\u00e3o banc\u00e1rio n\u00e3o s\u00e3o armazenados.<\/p>\n\n\n\n<p class=\"wp-block-paragraph\">Se recusar que os seus dados pessoais relativos aos n\u00fameros de cart\u00f5es banc\u00e1rios sejam conservados nas condi\u00e7\u00f5es acima especificadas, n\u00e3o conservaremos esses dados para al\u00e9m do tempo necess\u00e1rio para permitir a realiza\u00e7\u00e3o da transa\u00e7\u00e3o.<\/p>\n\n\n\n<p class=\"wp-block-paragraph\">Em qualquer caso, os dados relativos \u00e0s mesmas poder\u00e3o ser conservados, para fins de prova em caso de eventual contesta\u00e7\u00e3o da transa\u00e7\u00e3o, em arquivos interm\u00e9dios, pela dura\u00e7\u00e3o prevista na lei (geralmente 13 meses ap\u00f3s a data de d\u00e9bito).<\/p>\n\n\n\n<ul class=\"wp-block-list\">\n<li>Relativamente \u00e0 gest\u00e3o das listas de oposi\u00e7\u00e3o a receber prospe\u00e7\u00e3o:<\/li>\n<\/ul>\n\n\n\n<p class=\"wp-block-paragraph\">As informa\u00e7\u00f5es que permitem ter em conta o seu direito de oposi\u00e7\u00e3o s\u00e3o conservadas no m\u00ednimo tr\u00eas anos a contar do exerc\u00edcio do direito de oposi\u00e7\u00e3o.<\/p>\n\n\n\n<ul class=\"wp-block-list\">\n<li>Relativamente \u00e0s estat\u00edsticas de medi\u00e7\u00e3o de audi\u00eancia:<\/li>\n<\/ul>\n\n\n\n<p class=\"wp-block-paragraph\">As informa\u00e7\u00f5es armazenadas no terminal dos utilizadores ou qualquer outro elemento utilizado para identificar os utilizadores e permitir a sua rastreabilidade ou frequ\u00eancia n\u00e3o ser\u00e3o conservadas para al\u00e9m de 6 meses.<\/p>\n\n\n\n<h2 class=\"wp-block-heading\"><span class=\"ez-toc-section\" id=\"8-Seguranca\"><\/span>8.&nbsp;&nbsp;&nbsp; Seguran\u00e7a<span class=\"ez-toc-section-end\"><\/span><\/h2>\n\n\n\n<p class=\"wp-block-paragraph\">Informamos que tomamos todas as precau\u00e7\u00f5es \u00fateis, medidas organizacionais e t\u00e9cnicas apropriadas para preservar a seguran\u00e7a, integridade e confidencialidade dos seus dados pessoais e, nomeadamente, impedir que sejam deformados, danificados ou que terceiros n\u00e3o autorizados tenham acesso aos mesmos.<\/p>\n\n\n\n<h2 class=\"wp-block-heading\"><span class=\"ez-toc-section\" id=\"9-Cookies\"><\/span>9.&nbsp;&nbsp;&nbsp; Cookies&nbsp;<span class=\"ez-toc-section-end\"><\/span><\/h2>\n\n\n\n<p class=\"wp-block-paragraph\">Os cookies s\u00e3o ficheiros de texto, frequentemente encriptados, armazenados no seu navegador. S\u00e3o criados quando o navegador de um utilizador carrega um determinado site: o site envia informa\u00e7\u00f5es ao navegador, que cria ent\u00e3o um ficheiro de texto. Cada vez que o utilizador regressa ao mesmo site, o navegador recupera este ficheiro e envia-o ao servidor do site.<\/p>\n\n\n\n<p class=\"wp-block-paragraph\">Podemos distinguir dois tipos de cookies, que n\u00e3o t\u00eam as mesmas finalidades: os cookies t\u00e9cnicos e os cookies publicit\u00e1rios:<\/p>\n\n\n\n<ul class=\"wp-block-list\">\n<li>Os cookies t\u00e9cnicos s\u00e3o utilizados ao longo da sua navega\u00e7\u00e3o para facilit\u00e1-la e executar determinadas fun\u00e7\u00f5es. Um cookie t\u00e9cnico pode, por exemplo, ser utilizado para memorizar as respostas preenchidas num formul\u00e1rio ou ainda as prefer\u00eancias do utilizador em rela\u00e7\u00e3o \u00e0 l\u00edngua ou \u00e0 apresenta\u00e7\u00e3o de um site, quando tais op\u00e7\u00f5es est\u00e3o dispon\u00edveis.<\/li>\n<\/ul>\n\n\n\n<ul class=\"wp-block-list\">\n<li>Os cookies publicit\u00e1rios podem ser criados n\u00e3o s\u00f3 pelo site no qual o utilizador navega, mas tamb\u00e9m por outros sites que difundem publicidade, an\u00fancios, widgets ou outros elementos na p\u00e1gina apresentada. Estes cookies podem ser utilizados nomeadamente para efetuar publicidade direcionada, ou seja, publicidade determinada em fun\u00e7\u00e3o da navega\u00e7\u00e3o do utilizador.<\/li>\n<\/ul>\n\n\n\n<p class=\"wp-block-paragraph\">Utilizamos cookies t\u00e9cnicos. Estes s\u00e3o armazenados no seu navegador por um per\u00edodo que n\u00e3o pode exceder seis meses.<\/p>\n\n\n\n<p class=\"wp-block-paragraph\">Utilizamos ou podemos utilizar o Google Analytics, que \u00e9 uma ferramenta estat\u00edstica de an\u00e1lise de audi\u00eancia que gera um cookie permitindo medir o n\u00famero de visitas no site, o n\u00famero de p\u00e1ginas vistas e a atividade dos visitantes. O seu endere\u00e7o IP \u00e9 igualmente recolhido para determinar a cidade a partir da qual se liga.<\/p>\n\n\n\n<p class=\"wp-block-paragraph\">Lembramos que \u00e9 poss\u00edvel opor-se ao dep\u00f3sito de cookies configurando o seu navegador. Tal recusa poder\u00e1, no entanto, impedir o bom funcionamento do site.<\/p>\n\n\n\n<h3 class=\"wp-block-heading\"><span class=\"ez-toc-section\" id=\"Consentimento\"><\/span>Consentimento<span class=\"ez-toc-section-end\"><\/span><\/h3>\n\n\n\n<p class=\"wp-block-paragraph\">Ao escolher comunicar os seus dados pessoais, d\u00e1 expressamente o seu consentimento para a recolha e utiliza\u00e7\u00e3o dos mesmos em conformidade com o enunciado na presente pol\u00edtica e na legisla\u00e7\u00e3o em vigor.<\/p>\n\n\n\n<h3 class=\"wp-block-heading\"><span class=\"ez-toc-section\" id=\"Servicos-de-terceiros-utilizados-neste-site\"><\/span>Servi\u00e7os de terceiros utilizados neste site<span class=\"ez-toc-section-end\"><\/span><\/h3>\n\n\n\n<ul class=\"wp-block-list\">\n<li><em><strong>Google <\/strong><\/em><strong><em>Analytics<\/em><\/strong><\/li>\n\n\n\n<li><em><strong>Google AdSense<\/strong><\/em><\/li>\n\n\n\n<li><em><strong>YouTube<\/strong><\/em><\/li>\n\n\n\n<li><em><strong>Redes Sociais (X, Instagram, Facebook)<\/strong><\/em><\/li>\n<\/ul>\n\n\n\n<h3 class=\"wp-block-heading\"><span class=\"ez-toc-section\" id=\"Outras-Informacoes-Sobre-Cookies\"><\/span><strong>Outras Informa\u00e7\u00f5es Sobre Cookies<\/strong><span class=\"ez-toc-section-end\"><\/span><\/h3>\n\n\n\n<p class=\"wp-block-paragraph\"><a href=\"https:\/\/policies.google.com\/technologies\/partner-sites?hl=pt-PT\" target=\"_blank\" rel=\"noreferrer noopener\">COMO A GOOGLE UTILIZA DETERMINADOS DADOS RECOLHIDOS QUANDO UTILIZA SITES OU APLICA\u00c7\u00d5ES DOS NOSSOS PARCEIROS<\/a>.<\/p>\n\n\n\n<p class=\"wp-block-paragraph\"><a href=\"https:\/\/www.google.com\/about\/company\/user-consent-policy.html\" target=\"_blank\" rel=\"noreferrer noopener\">POL\u00cdTICA DE CONSENTIMENTO DE UTILIZADORES DA UE<\/a><\/p>\n\n\n\n<p class=\"wp-block-paragraph\"><strong>Legisla\u00e7\u00e3o relativa a cookies e prote\u00e7\u00e3o de dados<\/strong><\/p>\n\n\n\n<p class=\"wp-block-paragraph\">Portugal: <a href=\"https:\/\/www.cnpd.pt\/\" target=\"_blank\" rel=\"noreferrer noopener\">CNPD &#8211; COMISS\u00c3O NACIONAL DE PROTE\u00c7\u00c3O DE DADOS<\/a><\/p>\n\n\n\n<p class=\"wp-block-paragraph\">UE: <a href=\"https:\/\/edpb.europa.eu\/\" target=\"_blank\" rel=\"noreferrer noopener\">EDPB &#8211; EUROPEAN DATA PROTECTION BOARD<\/a><\/p>\n\n\n\n<h2 class=\"wp-block-heading\"><span class=\"ez-toc-section\" id=\"10-Consentimento\"><\/span>10.&nbsp; Consentimento<span class=\"ez-toc-section-end\"><\/span><\/h2>\n\n\n\n<p class=\"wp-block-paragraph\">Ao escolher comunicar os seus dados pessoais, d\u00e1 expressamente o seu consentimento para a recolha e utiliza\u00e7\u00e3o dos mesmos em conformidade com o enunciado na presente pol\u00edtica e na legisla\u00e7\u00e3o em vigor.<\/p>\n\n\n\n<h2 class=\"wp-block-heading\"><span class=\"ez-toc-section\" id=\"11-Acesso-aos-seus-dados-pessoais\"><\/span>11.&nbsp; Acesso aos seus dados pessoais<span class=\"ez-toc-section-end\"><\/span><\/h2>\n\n\n\n<p class=\"wp-block-paragraph\">Em conformidade com o RGPD e a lei portuguesa, disp\u00f5e do direito de obter a comunica\u00e7\u00e3o e, se for caso disso, a retifica\u00e7\u00e3o ou a elimina\u00e7\u00e3o dos dados que lhe dizem respeito. Pode exercer estes direitos contactando:<\/p>\n\n\n\n<ul class=\"wp-block-list\">\n<li>Endere\u00e7o de correio eletr\u00f3nico: <strong>contacto@simuladorrecibosverdes.pt<\/strong><\/li>\n<\/ul>\n\n\n\n<p class=\"wp-block-paragraph\">Recordamos que qualquer pessoa pode, por motivos leg\u00edtimos, opor-se ao tratamento dos dados que lhe digam respeito.<\/p>\n\n\n\n<h2 class=\"wp-block-heading\"><span class=\"ez-toc-section\" id=\"12-Alteracoes\"><\/span>12. Altera\u00e7\u00f5es<span class=\"ez-toc-section-end\"><\/span><\/h2>\n\n\n\n<p class=\"wp-block-paragraph\">Reservamo-nos o direito, a nosso exclusivo crit\u00e9rio, de alterar a qualquer momento a presente pol\u00edtica, na totalidade ou em parte. Estas altera\u00e7\u00f5es entrar\u00e3o em vigor a partir da publica\u00e7\u00e3o da nova pol\u00edtica. A sua utiliza\u00e7\u00e3o do site ap\u00f3s a entrada em vigor destas altera\u00e7\u00f5es valer\u00e1 como reconhecimento e aceita\u00e7\u00e3o da nova pol\u00edtica.<\/p>\n\n\n\n<h2 class=\"wp-block-heading\"><span class=\"ez-toc-section\" id=\"13-Entrada-em-vigor\"><\/span>13.&nbsp; Entrada em vigor<span class=\"ez-toc-section-end\"><\/span><\/h2>\n\n\n\n<p class=\"wp-block-paragraph\">A presente pol\u00edtica entrou em vigor a 17\/11\/2025.<\/p>\n","protected":false},"excerpt":{"rendered":"<p>1.&nbsp;&nbsp;&nbsp; Defini\u00e7\u00e3o e natureza dos dados pessoais Durante a utiliza\u00e7\u00e3o do nosso site, poderemos solicitar-lhe que nos forne\u00e7a dados pessoais [&hellip;]<\/p>\n","protected":false},"author":4,"featured_media":0,"parent":0,"menu_order":0,"comment_status":"closed","ping_status":"closed","template":"","meta":{"_crdt_document":"","site-sidebar-layout":"default","site-content-layout":"","ast-site-content-layout":"default","site-content-style":"default","site-sidebar-style":"default","ast-global-header-display":"","ast-banner-title-visibility":"","ast-main-header-display":"","ast-hfb-above-header-display":"","ast-hfb-below-header-display":"","ast-hfb-mobile-header-display":"","site-post-title":"","ast-breadcrumbs-content":"","ast-featured-img":"","footer-sml-layout":"","ast-disable-related-posts":"","theme-transparent-header-meta":"","adv-header-id-meta":"","stick-header-meta":"","header-above-stick-meta":"","header-main-stick-meta":"","header-below-stick-meta":"","astra-migrate-meta-layouts":"default","ast-page-background-enabled":"default","ast-page-background-meta":{"desktop":{"background-color":"var(--ast-global-color-4)","background-image":"","background-repeat":"repeat","background-position":"center center","background-size":"auto","background-attachment":"scroll","background-type":"","background-media":"","overlay-type":"","overlay-color":"","overlay-opacity":"","overlay-gradient":""},"tablet":{"background-color":"","background-image":"","background-repeat":"repeat","background-position":"center center","background-size":"auto","background-attachment":"scroll","background-type":"","background-media":"","overlay-type":"","overlay-color":"","overlay-opacity":"","overlay-gradient":""},"mobile":{"background-color":"","background-image":"","background-repeat":"repeat","background-position":"center center","background-size":"auto","background-attachment":"scroll","background-type":"","background-media":"","overlay-type":"","overlay-color":"","overlay-opacity":"","overlay-gradient":""}},"ast-content-background-meta":{"desktop":{"background-color":"var(--ast-global-color-5)","background-image":"","background-repeat":"repeat","background-position":"center center","background-size":"auto","background-attachment":"scroll","background-type":"","background-media":"","overlay-type":"","overlay-color":"","overlay-opacity":"","overlay-gradient":""},"tablet":{"background-color":"var(--ast-global-color-5)","background-image":"","background-repeat":"repeat","background-position":"center center","background-size":"auto","background-attachment":"scroll","background-type":"","background-media":"","overlay-type":"","overlay-color":"","overlay-opacity":"","overlay-gradient":""},"mobile":{"background-color":"var(--ast-global-color-5)","background-image":"","background-repeat":"repeat","background-position":"center center","background-size":"auto","background-attachment":"scroll","background-type":"","background-media":"","overlay-type":"","overlay-color":"","overlay-opacity":"","overlay-gradient":""}},"footnotes":""},"class_list":["post-4720","page","type-page","status-publish","hentry"],"_links":{"self":[{"href":"https:\/\/simuladorrecibosverdes.pt\/artigos\/wp-json\/wp\/v2\/pages\/4720","targetHints":{"allow":["GET"]}}],"collection":[{"href":"https:\/\/simuladorrecibosverdes.pt\/artigos\/wp-json\/wp\/v2\/pages"}],"about":[{"href":"https:\/\/simuladorrecibosverdes.pt\/artigos\/wp-json\/wp\/v2\/types\/page"}],"author":[{"embeddable":true,"href":"https:\/\/simuladorrecibosverdes.pt\/artigos\/wp-json\/wp\/v2\/users\/4"}],"replies":[{"embeddable":true,"href":"https:\/\/simuladorrecibosverdes.pt\/artigos\/wp-json\/wp\/v2\/comments?post=4720"}],"version-history":[{"count":0,"href":"https:\/\/simuladorrecibosverdes.pt\/artigos\/wp-json\/wp\/v2\/pages\/4720\/revisions"}],"wp:attachment":[{"href":"https:\/\/simuladorrecibosverdes.pt\/artigos\/wp-json\/wp\/v2\/media?parent=4720"}],"curies":[{"name":"wp","href":"https:\/\/api.w.org\/{rel}","templated":true}]}}